{"id":10,"date":"2018-05-26T16:28:14","date_gmt":"2018-05-26T16:28:14","guid":{"rendered":"http:\/\/www.coss.co.at\/?page_id=10"},"modified":"2024-07-11T13:35:29","modified_gmt":"2024-07-11T13:35:29","slug":"about","status":"publish","type":"page","link":"https:\/\/www.coss.co.at\/?page_id=10","title":{"rendered":"About"},"content":{"rendered":"<h1>Auch aus Steinen, die einem in den Weg gelegt werden, kann man etwas Sch\u00f6nes bauen.<\/h1>\n<p style=\"text-align: right;\"><em>W.J.Goethe<\/em><\/p>\n<hr \/>\n<p><img loading=\"lazy\" decoding=\"async\" class=\"wp-image-194 size-medium aligncenter\" src=\"https:\/\/www.coss.co.at\/wp-content\/uploads\/2024\/07\/Susanne-300x300.png\" alt=\"Profilbild Susanne Simoner\" width=\"300\" height=\"300\" srcset=\"https:\/\/www.coss.co.at\/wp-content\/uploads\/2024\/07\/Susanne-300x300.png 300w, https:\/\/www.coss.co.at\/wp-content\/uploads\/2024\/07\/Susanne-150x150.png 150w, https:\/\/www.coss.co.at\/wp-content\/uploads\/2024\/07\/Susanne-100x100.png 100w, https:\/\/www.coss.co.at\/wp-content\/uploads\/2024\/07\/Susanne.png 480w\" sizes=\"auto, (max-width: 300px) 100vw, 300px\" \/><\/p>\n<h2>Mag. Susanne Simoner, MSc<\/h2>\n<div class='content-column one_half'><div style=\"padding-right:10px;padding-left:0px;\"><h3>Ausbildung<\/h3><\/div><\/div><div class='content-column one_half last_column'><div style=\"padding-right:10px;padding-left:0px;\"><ul>\n<li>Supervisorin, Coach und Organisationsentwicklerin (\u00d6sterreichischer Supervisionsverband) ARGE Bildungsmanagement, Wien<\/li>\n<li>WKO-Expertin in Supervision<\/li>\n<li>WKO-Expertin in Stressmanagement und Burnout-Pr\u00e4vention<\/li>\n<li>ROMPC\u00ae-Coaching, ROMPC\u00ae Institut Kassel<\/li>\n<li>FTL\u00ae-Business Consulting, ROMPC\u00ae Institut Kassel<\/li>\n<li>Diplommediatorin (\u00d6sterreichischer Bundesverband f\u00fcr Mediation)<br \/>\nARGE Bildungsmanagement, Wien<\/li>\n<li>Diplomstudium P\u00e4dagogik &amp; Bildungswissenschaftliche Psychologie Alpe Adria Universit\u00e4t Klagenfurt<\/li>\n<li>Zertifizierte Fachtrainerin<\/li>\n<\/ul><\/div><\/div><div class='clear_column'><\/div><\/p>\n<div class='content-column one_half'><div style=\"padding-right:10px;padding-left:0px;\"><h3>Pers\u00f6nliches<\/h3><\/div><\/div><div class='content-column one_half last_column'><div style=\"padding-right:10px;padding-left:0px;\"><ul>\n<li>gro\u00dfe Naturverbundenheit<\/li>\n<li>Sportbegeisterung<\/li>\n<\/ul><\/div><\/div><div class='clear_column'><\/div><\/p>\n<hr \/>\n<div class='content-column one_half'><div style=\"padding-right:10px;padding-left:0px;\"><h3>Schwerpunkte<\/h3><\/div><\/div><div class='content-column one_half last_column'><div style=\"padding-right:10px;padding-left:0px;\"><ul>\n<li>Team- und Gruppensupervision in Entwicklungsprozessen<\/li>\n<li>Fallsupervision<\/li>\n<li>Coaching von Personen mit Steuerungs- und F\u00fchrungsaufgaben<\/li>\n<li>ROMPC\u00ae-Coaching<\/li>\n<li>FTL\u00ae-Business Consulting<\/li>\n<li>Organisationsentwicklung<\/li>\n<li>Psychologische Beratung<\/li>\n<li>Trainings, Seminare und Workshops<\/li>\n<li>Moderationen<\/li>\n<\/ul><\/div><\/div><div class='clear_column'><\/div><div class='content-column one_half'><div style=\"padding-right:10px;padding-left:0px;\"><h3>Beruflicher Hintergrund<\/h3><\/div><\/div><div class='content-column one_half last_column'><div style=\"padding-right:10px;padding-left:0px;\"><ul>\n<li>Regionalleitung BFI K\u00e4rnten \/ Projekt Attivo<\/li>\n<li>Selbst\u00e4ndig als Supervisorin, Coach und Trainerin in Profit- und Nonprofit Organisationen<\/li>\n<li>Einzel- und Gruppencoach in der \u201eLehre mit Matura\u201c in Klagenfurt<\/li>\n<li>Trainerin in internationalen Konzernen<\/li>\n<li>Trainerin Wirtschaftskammer K\u00e4rnten<\/li>\n<li>Trainerin im Gesundheitswesen und Sozialbereich<\/li>\n<li>Referentin an der P\u00e4dagogischen Hochschule K\u00e4rnten<\/li>\n<li>Referentin im Roten Kreuz<\/li>\n<li>Leiterin eines Therapiezentrums f\u00fcr alkohol- und\/oder medikamenten abh\u00e4ngige Erwachsene.<\/li>\n<li>Betreuerin in einem Therapiezentrum f\u00fcr drogenabh\u00e4ngige Erwachsene in Klagenfurt<\/li>\n<li>Arbeitsassistentin in einem Projekt f\u00fcr psychisch beeintr\u00e4chtigte Erwachsene in Salzburg<\/li>\n<\/ul><\/div><\/div><div class='clear_column'><\/div><\/p>\n<hr \/>\n<h3>Kundenmeinungen<\/h3>\n<p>Frau Mag.a Susanne Simoner, MSc. ist seit einigen Jahren als Trainerin f\u00fcr das Frauenberufszentrum K\u00e4rnten sowie f\u00fcr das Business Frauen Center t\u00e4tig. Durch die unterschiedlichen Seminarteilnehmerinnen, von der potentiellen F\u00fchrungskraft bis hin zur arbeitslosen Frau, ist man auch als Trainerin stets aufs Neue gefordert. Frau Mag.a Simoner schafft es mit Kompetenz, Wissen und Humor das Denken und Handeln der Teilnehmerinnen zu ver\u00e4ndern, neue Perspektiven zu entwickeln und dadurch neue Horizonte zu schaffen. Dar\u00fcber hinaus gelingt es ihr den Selbstwert, das Selbstvertrauen sowie die F\u00e4higkeit der Teilnehmerinnen zur Eigenverantwortung zu steigern. Die praxisnahen Beispiele, Anregungen und Hilfestellungen sind f\u00fcr die Teilnehmerinnen gut umsetzbar und anwendbar. Pr\u00e4dikat empfehlenswert!<\/p>\n<p><em>Mag.a Daniela Stein, Gr\u00fcnderin und Gesch\u00e4ftsf\u00fchrerin des Business Frauen Center<\/em><\/p>\n<hr \/>\n<p>Frau Mag.a Susanne Simoner hat im Zeitraum von 2013 bis 2016 als freie Mitarbeiterin in meinem Beratungs-Unternehmen zu meiner vollsten Zufriedenheit mitgearbeitet. Sie hat die Funktion einer Projektkoordinatorin ausgef\u00fcllt. Weiters hat sie als Mitglied des Expertinnen-Pools zahlreiche Supervisions- und Coachingauftr\u00e4ge ausgef\u00fchrt. Die R\u00fcckmeldungen \u00fcber ihre supervisorische Arbeit fielen stets zur vollen Zufriedenheit unserer KlientInnen aus. Pers\u00f6nlich sch\u00e4tze ich sie als loyale und verl\u00e4ssliche Fachfrau mit viel Berufserfahrung und hoher Professionalit\u00e4t.<\/p>\n<p><em>Dr.in Andrea Lederer-Rothe, vorm. GF der Lederer-Rothe KG, Klagenfurt<\/em><\/p>\n<hr \/>\n<p>Frau Mag. Simoner begleitet das Team Dermatoonkologie an der Universit\u00e4tsklinik f\u00fcr Dermatologie und Venerologie in Graz seit 2 Jahren als Supervisorin. Achtsames Hinterfragen, gemeinsames Reflektieren und unterst\u00fctzende Gespr\u00e4che haben zur positiven Entwicklung des Teams beigetragen und sind aus unserem belastenden Alltag nicht mehr wegzudenken.<\/p>\n<p><em>Univ.-Prof.in Priv.-Doz.in Dr.in med. uni. Erika Richtig, FOA Ober\u00e4rztin im LKH-Univ. Klinikum Graz<\/em><\/p>\n<p>&nbsp;<\/p>\n<hr \/>\n<div class='content-column one_half'><div style=\"padding-right:10px;padding-left:0px;\"><h3>Kooperationen<\/h3><\/div><\/div><div class='content-column one_half last_column'><div style=\"padding-right:10px;padding-left:0px;\"><p><a href=\"http:\/\/businessfrauencenter.at\/\" target=\"_blank\" rel=\"noopener noreferrer\"><img loading=\"lazy\" decoding=\"async\" class=\"alignnone wp-image-123\" src=\"https:\/\/www.coss.co.at\/wp-content\/uploads\/2018\/06\/Logo-BfC-gro\u00df-Kopie-e1436959387330.jpg\" alt=\"\" width=\"250\" height=\"62\" srcset=\"https:\/\/www.coss.co.at\/wp-content\/uploads\/2018\/06\/Logo-BfC-gro\u00df-Kopie-e1436959387330.jpg 340w, https:\/\/www.coss.co.at\/wp-content\/uploads\/2018\/06\/Logo-BfC-gro\u00df-Kopie-e1436959387330-300x74.jpg 300w\" sizes=\"auto, (max-width: 250px) 100vw, 250px\" \/><\/a><\/p>\n<p><a href=\"https:\/\/www.ergotherapie.at\/\" target=\"_blank\" rel=\"noopener noreferrer\"><img loading=\"lazy\" decoding=\"async\" class=\"alignnone wp-image-124\" src=\"https:\/\/www.coss.co.at\/wp-content\/uploads\/2018\/06\/LogoErgotherapie_1_0.jpg\" alt=\"\" width=\"250\" height=\"82\" srcset=\"https:\/\/www.coss.co.at\/wp-content\/uploads\/2018\/06\/LogoErgotherapie_1_0.jpg 303w, https:\/\/www.coss.co.at\/wp-content\/uploads\/2018\/06\/LogoErgotherapie_1_0-300x98.jpg 300w\" sizes=\"auto, (max-width: 250px) 100vw, 250px\" \/><\/a><\/p>\n<p><a href=\"https:\/\/www.lebensberater.at\/Supervision?page=7\" target=\"_blank\" rel=\"noopener noreferrer\"><img loading=\"lazy\" decoding=\"async\" class=\"alignnone wp-image-49\" src=\"https:\/\/www.coss.co.at\/wp-content\/uploads\/2018\/06\/Impuls_pro-Supervision_RGB-150x150.jpg\" alt=\"\" width=\"140\" height=\"175\" srcset=\"https:\/\/www.coss.co.at\/wp-content\/uploads\/2018\/06\/Impuls_pro-Supervision_RGB-240x300.jpg 240w, https:\/\/www.coss.co.at\/wp-content\/uploads\/2018\/06\/Impuls_pro-Supervision_RGB-768x959.jpg 768w, https:\/\/www.coss.co.at\/wp-content\/uploads\/2018\/06\/Impuls_pro-Supervision_RGB-820x1024.jpg 820w, https:\/\/www.coss.co.at\/wp-content\/uploads\/2018\/06\/Impuls_pro-Supervision_RGB.jpg 1181w\" sizes=\"auto, (max-width: 140px) 100vw, 140px\" \/><\/a><\/p>\n<p><a href=\"https:\/\/www.lebensberater.at\/Stressmanagement%20und%20Burnout-Praevention\" target=\"_blank\" rel=\"noopener noreferrer\"><img loading=\"lazy\" decoding=\"async\" class=\"alignnone wp-image-48\" src=\"https:\/\/www.coss.co.at\/wp-content\/uploads\/2018\/06\/Impuls_pro-Stress-burnout_RGB-150x150.jpg\" alt=\"\" width=\"140\" height=\"194\" srcset=\"https:\/\/www.coss.co.at\/wp-content\/uploads\/2018\/06\/Impuls_pro-Stress-burnout_RGB-217x300.jpg 217w, https:\/\/www.coss.co.at\/wp-content\/uploads\/2018\/06\/Impuls_pro-Stress-burnout_RGB-768x1063.jpg 768w, https:\/\/www.coss.co.at\/wp-content\/uploads\/2018\/06\/Impuls_pro-Stress-burnout_RGB-740x1024.jpg 740w, https:\/\/www.coss.co.at\/wp-content\/uploads\/2018\/06\/Impuls_pro-Stress-burnout_RGB.jpg 1181w\" sizes=\"auto, (max-width: 140px) 100vw, 140px\" \/><\/a><br \/><\/div><\/div><div class='clear_column'><\/div><\/p>\n","protected":false},"excerpt":{"rendered":"<p>Auch aus Steinen, die einem in den Weg gelegt werden, kann man etwas Sch\u00f6nes bauen. W.J.Goethe Mag. Susanne Simoner, MSc Kundenmeinungen Frau Mag.a Susanne Simoner, MSc. ist seit einigen Jahren als Trainerin f\u00fcr das Frauenberufszentrum K\u00e4rnten sowie f\u00fcr das Business Frauen Center t\u00e4tig. Durch die unterschiedlichen Seminarteilnehmerinnen, von der potentiellen F\u00fchrungskraft bis hin zur arbeitslosen &hellip; <\/p>\n<p class=\"link-more\"><a href=\"https:\/\/www.coss.co.at\/?page_id=10\" class=\"more-link\"><span class=\"screen-reader-text\">\u201eAbout\u201c<\/span> weiterlesen<\/a><\/p>\n","protected":false},"author":1,"featured_media":35,"parent":0,"menu_order":0,"comment_status":"closed","ping_status":"closed","template":"","meta":{"footnotes":""},"class_list":["post-10","page","type-page","status-publish","has-post-thumbnail","hentry"],"_links":{"self":[{"href":"https:\/\/www.coss.co.at\/index.php?rest_route=\/wp\/v2\/pages\/10","targetHints":{"allow":["GET"]}}],"collection":[{"href":"https:\/\/www.coss.co.at\/index.php?rest_route=\/wp\/v2\/pages"}],"about":[{"href":"https:\/\/www.coss.co.at\/index.php?rest_route=\/wp\/v2\/types\/page"}],"author":[{"embeddable":true,"href":"https:\/\/www.coss.co.at\/index.php?rest_route=\/wp\/v2\/users\/1"}],"replies":[{"embeddable":true,"href":"https:\/\/www.coss.co.at\/index.php?rest_route=%2Fwp%2Fv2%2Fcomments&post=10"}],"version-history":[{"count":21,"href":"https:\/\/www.coss.co.at\/index.php?rest_route=\/wp\/v2\/pages\/10\/revisions"}],"predecessor-version":[{"id":202,"href":"https:\/\/www.coss.co.at\/index.php?rest_route=\/wp\/v2\/pages\/10\/revisions\/202"}],"wp:featuredmedia":[{"embeddable":true,"href":"https:\/\/www.coss.co.at\/index.php?rest_route=\/wp\/v2\/media\/35"}],"wp:attachment":[{"href":"https:\/\/www.coss.co.at\/index.php?rest_route=%2Fwp%2Fv2%2Fmedia&parent=10"}],"curies":[{"name":"wp","href":"https:\/\/api.w.org\/{rel}","templated":true}]}}