{"id":112,"date":"2018-06-03T09:55:08","date_gmt":"2018-06-03T09:55:08","guid":{"rendered":"http:\/\/www.coss.co.at\/?page_id=112"},"modified":"2018-06-03T09:55:08","modified_gmt":"2018-06-03T09:55:08","slug":"rompc-coaching","status":"publish","type":"page","link":"https:\/\/www.coss.co.at\/?page_id=112","title":{"rendered":"ROMPC\u00ae COACHING"},"content":{"rendered":"<h1>Was versteht man unter ROMPC\u00ae<\/h1>\n<p>ROMPC\u00ae ist ein beziehungsorientiertes Verfahren, das auf dem neuesten Entwicklungsstand der Neurobiologie beruht. Der zertifizierte ROMPC\u00ae-Coach hilft durch den Einsatz professioneller Entkoppelungstechniken beim Umgang mit stressbelasteten Situationen.<\/p>\n<p>Mittels ROMPC\u00ae ist es m\u00f6glich emotionalen Stress nachhaltig zu reduzieren, um so auch w\u00e4hrend massiver Stressbelastungen handlungsf\u00e4hig zu bleiben, Burn-out vorbeugend entgegenzutreten Entscheidungs-, Erfolgs- und Lernblockaden die Energie zu entziehen ein harmonisches Gleichgewicht zwischen Beruf und Privatleben herzustellen<\/p>\n<h2>Wie l\u00e4uft ROMPC\u00ae ab<\/h2>\n<p>Wir alle haben unterschiedliche Beziehungsbed\u00fcrfnisse, die sich aus den erlebten Erfahrungen heraus entwickelten. Diese Erfahrungen k\u00f6nnen unterst\u00fctzenden Charakter haben, k\u00f6nnen aber auch Erniedrigungen, Kummer und Frustration beinhalten.<\/p>\n<p>Negative Ereignisse, die mit einem Gef\u00fchl der v\u00f6lligen Hoffnungslosigkeit verbunden sind, k\u00f6nnen uns lebenslang emotional \u201everfolgen\u201c und die Lebens- und Arbeitsqualit\u00e4t beeintr\u00e4chtigen. Dadurch bedingt steigt dann der Stresspegel, sodass wir nicht mehr in unserer gewohnten Art reagieren k\u00f6nnen bzw. sogar \u201e\u00fcberreagieren\u201c.<\/p>\n<p>Im Zuge des ROMPC\u00ae-Coachings werden gemeinsam diese belastenden Situationen eruiert. Mittels spezieller Entkoppelungstechniken kommt es anschlie\u00dfend zur Trennung der unkontrollierten Stressreaktionen von negativen Beziehungserfahrungen. Dadurch werden die Blockaden nachhaltig gel\u00f6st und die Vergangenheitserlebnisse verlieren ihre gegenw\u00e4rtige negative Wirkung. \u201eEntstresst\u201c kann man wieder auf seine eigentlichen Ressourcen zur\u00fcckgreifen, um eventuellen zuk\u00fcnftigen Belastungssituationen mit einem reichen Handlungsrepertoire begegnen zu k\u00f6nnen.<\/p>\n<p><a href=\"https:\/\/www.coss.co.at\/?page_id=107\">ROMPC\u00ae COACHING Anfrage<\/a><\/p>\n","protected":false},"excerpt":{"rendered":"<p>Was versteht man unter ROMPC\u00ae ROMPC\u00ae ist ein beziehungsorientiertes Verfahren, das auf dem neuesten Entwicklungsstand der Neurobiologie beruht. Der zertifizierte ROMPC\u00ae-Coach hilft durch den Einsatz professioneller Entkoppelungstechniken beim Umgang mit stressbelasteten Situationen. Mittels ROMPC\u00ae ist es m\u00f6glich emotionalen Stress nachhaltig zu reduzieren, um so auch w\u00e4hrend massiver Stressbelastungen handlungsf\u00e4hig zu bleiben, Burn-out vorbeugend entgegenzutreten Entscheidungs-, &hellip; <\/p>\n<p class=\"link-more\"><a href=\"https:\/\/www.coss.co.at\/?page_id=112\" class=\"more-link\"><span class=\"screen-reader-text\">\u201eROMPC\u00ae COACHING\u201c<\/span> weiterlesen<\/a><\/p>\n","protected":false},"author":1,"featured_media":0,"parent":0,"menu_order":0,"comment_status":"closed","ping_status":"closed","template":"","meta":{"footnotes":""},"class_list":["post-112","page","type-page","status-publish","hentry"],"_links":{"self":[{"href":"https:\/\/www.coss.co.at\/index.php?rest_route=\/wp\/v2\/pages\/112","targetHints":{"allow":["GET"]}}],"collection":[{"href":"https:\/\/www.coss.co.at\/index.php?rest_route=\/wp\/v2\/pages"}],"about":[{"href":"https:\/\/www.coss.co.at\/index.php?rest_route=\/wp\/v2\/types\/page"}],"author":[{"embeddable":true,"href":"https:\/\/www.coss.co.at\/index.php?rest_route=\/wp\/v2\/users\/1"}],"replies":[{"embeddable":true,"href":"https:\/\/www.coss.co.at\/index.php?rest_route=%2Fwp%2Fv2%2Fcomments&post=112"}],"version-history":[{"count":1,"href":"https:\/\/www.coss.co.at\/index.php?rest_route=\/wp\/v2\/pages\/112\/revisions"}],"predecessor-version":[{"id":113,"href":"https:\/\/www.coss.co.at\/index.php?rest_route=\/wp\/v2\/pages\/112\/revisions\/113"}],"wp:attachment":[{"href":"https:\/\/www.coss.co.at\/index.php?rest_route=%2Fwp%2Fv2%2Fmedia&parent=112"}],"curies":[{"name":"wp","href":"https:\/\/api.w.org\/{rel}","templated":true}]}}