{"id":98,"date":"2018-06-03T09:27:06","date_gmt":"2018-06-03T09:27:06","guid":{"rendered":"http:\/\/www.coss.co.at\/?page_id=98"},"modified":"2024-10-23T05:44:29","modified_gmt":"2024-10-23T05:44:29","slug":"impressum","status":"publish","type":"page","link":"https:\/\/www.coss.co.at\/?page_id=98","title":{"rendered":"Impressum"},"content":{"rendered":"<p>Informationspflicht laut \u00a75 E-Commerce Gesetz, \u00a714 Unternehmensgesetzbuch, \u00a763 Gewerbeordnung und Offenlegungspflicht laut \u00a725 Mediengesetz.<\/p>\n<p>Mag. Susanne Simoner, MSC &#8211; coss.co.at<br \/>\nSchuhmeiergasse 26<br \/>\n9020 Klagenfurt am W\u00f6rthersee<br \/>\n\u00d6sterreich<\/p>\n<p>GLN (der \u00f6ffentlichen Verwaltung): 9110005365491<br \/>\nGISA-Zahl: 10794166<br \/>\nBeh\u00f6rde gem. ECG (E-Commerce Gesetz): Magistrat der Stadt Klagenfurt<\/p>\n<p>Tel.: +436509251971<br \/>\nE-Mail: simoner@coss.co.at<\/p>\n<p>Mitglied der Wirtschaftskammer K\u00e4rnten<br \/>\nFachgruppe \/ Berufszweig: Lebens- und Sozialberater (psychologische Berater)<\/p>\n<p>Aufsichtsbeh\u00f6rde\/Gewerbebeh\u00f6rde: Bezirkshauptmannschaft Klagenfurt<br \/>\nBerufsbezeichnung: Psychologische Berater<br \/>\nVerleihungsstaat: \u00d6sterreich<\/p>\n<p><strong>EU-Streitschlichtung<\/strong><\/p>\n<p>Angaben zur Online-Streitbeilegung: Verbraucher haben die M\u00f6glichkeit, Beschwerden an die OnlineStreitbeilegungsplattform der EU zu richten: <a href=\"https:\/\/ec.europa.eu\/consumers\/odr\/main\/index.cfm?event=main.home2.show&amp;lng=DE\" target=\"_blank\" rel=\"noopener\">https:\/\/ec.europa.eu\/consumers\/odr\/main\/index.cfm?event=main.home2.show&amp;lng=DE<\/a>. Sie k\u00f6nnen allf\u00e4llige Beschwerde auch an die oben angegebene E-Mail-Adresse richten.<\/p>\n<p><strong>Haftung f\u00fcr Inhalte dieser Webseite<\/strong><\/p>\n<p>Wir entwickeln die Inhalte dieser Webseite st\u00e4ndig weiter und bem\u00fchen uns korrekte und aktuelle Informationen bereitzustellen. Leider k\u00f6nnen wir keine Haftung f\u00fcr die Korrektheit aller Inhalte auf dieser Webseite \u00fcbernehmen, speziell f\u00fcr jene die seitens Dritter bereitgestellt wird. Sollten Ihnen problematische oder rechtswidrige Inhalte auffallen, bitte wir Sie uns umgehend zu kontaktieren, Sie finden die Kontaktdaten im Impressum.<\/p>\n<p><strong>Haftung f\u00fcr Links auf dieser Webseite<\/strong><\/p>\n<p>Unsere Webseite enth\u00e4lt Links zu anderen Webseiten f\u00fcr deren Inhalt wir nicht verantwortlich sind. Wenn Ihnen rechtswidrige Links auf unserer Webseite auffallen, bitte wir Sie uns zu kontaktieren, Sie finden die Kontaktdaten im Impressum.<\/p>\n<p><strong>Urheberrechtshinweis<\/strong><\/p>\n<p>Alle Inhalte dieser Webseite (Bilder, Fotos, Texte, Videos) unterliegen dem Urheberrecht. Falls notwendig, werden wir die unerlaubte Nutzung von Teilen der Inhalte unserer Seite rechtlich verfolgen.<\/p>\n<p><strong>Bildernachweis<\/strong><\/p>\n<p>Die Bilder, Fotos und Grafiken auf dieser Webseite sind urheberrechtlich gesch\u00fctzt.<\/p>\n<p><a href=\"https:\/\/www.coss.co.at\/?page_id=3\">Datenschutz<\/a><\/p>\n","protected":false},"excerpt":{"rendered":"<p>Informationspflicht laut \u00a75 E-Commerce Gesetz, \u00a714 Unternehmensgesetzbuch, \u00a763 Gewerbeordnung und Offenlegungspflicht laut \u00a725 Mediengesetz. Mag. Susanne Simoner, MSC &#8211; coss.co.at Schuhmeiergasse 26 9020 Klagenfurt am W\u00f6rthersee \u00d6sterreich GLN (der \u00f6ffentlichen Verwaltung): 9110005365491 GISA-Zahl: 10794166 Beh\u00f6rde gem. ECG (E-Commerce Gesetz): Magistrat der Stadt Klagenfurt Tel.: +436509251971 E-Mail: simoner@coss.co.at Mitglied der Wirtschaftskammer K\u00e4rnten Fachgruppe \/ Berufszweig: Lebens- &hellip; <\/p>\n<p class=\"link-more\"><a href=\"https:\/\/www.coss.co.at\/?page_id=98\" class=\"more-link\"><span class=\"screen-reader-text\">\u201eImpressum\u201c<\/span> weiterlesen<\/a><\/p>\n","protected":false},"author":1,"featured_media":0,"parent":0,"menu_order":0,"comment_status":"closed","ping_status":"closed","template":"","meta":{"footnotes":""},"class_list":["post-98","page","type-page","status-publish","hentry"],"_links":{"self":[{"href":"https:\/\/www.coss.co.at\/index.php?rest_route=\/wp\/v2\/pages\/98","targetHints":{"allow":["GET"]}}],"collection":[{"href":"https:\/\/www.coss.co.at\/index.php?rest_route=\/wp\/v2\/pages"}],"about":[{"href":"https:\/\/www.coss.co.at\/index.php?rest_route=\/wp\/v2\/types\/page"}],"author":[{"embeddable":true,"href":"https:\/\/www.coss.co.at\/index.php?rest_route=\/wp\/v2\/users\/1"}],"replies":[{"embeddable":true,"href":"https:\/\/www.coss.co.at\/index.php?rest_route=%2Fwp%2Fv2%2Fcomments&post=98"}],"version-history":[{"count":9,"href":"https:\/\/www.coss.co.at\/index.php?rest_route=\/wp\/v2\/pages\/98\/revisions"}],"predecessor-version":[{"id":204,"href":"https:\/\/www.coss.co.at\/index.php?rest_route=\/wp\/v2\/pages\/98\/revisions\/204"}],"wp:attachment":[{"href":"https:\/\/www.coss.co.at\/index.php?rest_route=%2Fwp%2Fv2%2Fmedia&parent=98"}],"curies":[{"name":"wp","href":"https:\/\/api.w.org\/{rel}","templated":true}]}}